{"id":2329,"date":"2025-12-01T14:36:44","date_gmt":"2025-12-01T13:36:44","guid":{"rendered":"http:\/\/laconserviera.it\/?post_type=product&#038;p=2329"},"modified":"2025-12-01T14:36:46","modified_gmt":"2025-12-01T13:36:46","slug":"zenzero-a-cubetti-250-g","status":"publish","type":"product","link":"https:\/\/laconserviera.it\/en\/product\/zenzero-a-cubetti-250-g\/","title":{"rendered":"Zenzero a cubetti &#8211; 250 g"},"content":{"rendered":"<p>Lo zenzero secco \u00e8 una variante della nota radice dalle grandi propriet\u00e0 nutrizionali e terapeutiche. Tradizionale nella medicina cinese e famoso per le propriet\u00e0 curative ed \u00e8 considerato un ottimo digestivo.<br \/>Il sapore particolare, un misto tra dolce e piccante, lo rende utilizzabile per ricette sia dolci che salate.<\/p>","protected":false},"excerpt":{"rendered":"<p>Lo zenzero secco \u00e8 una variante della nota radice dalle grandi propriet\u00e0 nutrizionali e terapeutiche. Tradizionale nella medicina cinese e [&hellip;]<\/p>","protected":false},"featured_media":2098,"comment_status":"closed","ping_status":"closed","template":"","meta":[],"product_brand":[],"product_cat":[25],"product_tag":[],"class_list":{"0":"post-2329","1":"product","2":"type-product","3":"status-publish","4":"has-post-thumbnail","6":"product_cat-frutta-morbida","8":"first","9":"instock","10":"taxable","11":"shipping-taxable","12":"purchasable","13":"product-type-simple"},"_links":{"self":[{"href":"https:\/\/laconserviera.it\/en\/wp-json\/wp\/v2\/product\/2329","targetHints":{"allow":["GET"]}}],"collection":[{"href":"https:\/\/laconserviera.it\/en\/wp-json\/wp\/v2\/product"}],"about":[{"href":"https:\/\/laconserviera.it\/en\/wp-json\/wp\/v2\/types\/product"}],"replies":[{"embeddable":true,"href":"https:\/\/laconserviera.it\/en\/wp-json\/wp\/v2\/comments?post=2329"}],"wp:featuredmedia":[{"embeddable":true,"href":"https:\/\/laconserviera.it\/en\/wp-json\/wp\/v2\/media\/2098"}],"wp:attachment":[{"href":"https:\/\/laconserviera.it\/en\/wp-json\/wp\/v2\/media?parent=2329"}],"wp:term":[{"taxonomy":"product_brand","embeddable":true,"href":"https:\/\/laconserviera.it\/en\/wp-json\/wp\/v2\/product_brand?post=2329"},{"taxonomy":"product_cat","embeddable":true,"href":"https:\/\/laconserviera.it\/en\/wp-json\/wp\/v2\/product_cat?post=2329"},{"taxonomy":"product_tag","embeddable":true,"href":"https:\/\/laconserviera.it\/en\/wp-json\/wp\/v2\/product_tag?post=2329"}],"curies":[{"name":"wp","href":"https:\/\/api.w.org\/{rel}","templated":true}]}}