{"id":2325,"date":"2025-12-01T14:36:44","date_gmt":"2025-12-01T13:36:44","guid":{"rendered":"http:\/\/laconserviera.it\/?post_type=product&#038;p=2325"},"modified":"2025-12-01T14:36:45","modified_gmt":"2025-12-01T13:36:45","slug":"uva-sultanina-250-g","status":"publish","type":"product","link":"https:\/\/laconserviera.it\/en\/product\/uva-sultanina-250-g\/","title":{"rendered":"Uva sultanina &#8211; 250 g"},"content":{"rendered":"<p>L&#8217;uvetta \u00e8 ricca di ferro, potassio, calcio, vitamine del gruppo b e vanta propriet\u00e0 antiossidanti. L&#8217;uva sultanina \u00e8 un vitigno vigoroso che, conservato dopo l\u2019essiccazione, diventa un concentrato nutrizionale e calorico, quest&#8217;ultimo dovuto all&#8217;elevata quantit\u00e0 di fruttosio che contiene. Deliziose da sole o per arricchire dolci e gustose ricette, le uvette sultanine dalle venature ambrate non possono mancare in cucina!<\/p>","protected":false},"excerpt":{"rendered":"<p>L&#8217;uvetta \u00e8 ricca di ferro, potassio, calcio, vitamine del gruppo b e vanta propriet\u00e0 antiossidanti. L&#8217;uva sultanina \u00e8 un vitigno [&hellip;]<\/p>","protected":false},"featured_media":2096,"comment_status":"closed","ping_status":"closed","template":"","meta":[],"product_brand":[],"product_cat":[25],"product_tag":[],"class_list":{"0":"post-2325","1":"product","2":"type-product","3":"status-publish","4":"has-post-thumbnail","6":"product_cat-frutta-morbida","8":"first","9":"instock","10":"taxable","11":"shipping-taxable","12":"purchasable","13":"product-type-simple"},"_links":{"self":[{"href":"https:\/\/laconserviera.it\/en\/wp-json\/wp\/v2\/product\/2325","targetHints":{"allow":["GET"]}}],"collection":[{"href":"https:\/\/laconserviera.it\/en\/wp-json\/wp\/v2\/product"}],"about":[{"href":"https:\/\/laconserviera.it\/en\/wp-json\/wp\/v2\/types\/product"}],"replies":[{"embeddable":true,"href":"https:\/\/laconserviera.it\/en\/wp-json\/wp\/v2\/comments?post=2325"}],"wp:featuredmedia":[{"embeddable":true,"href":"https:\/\/laconserviera.it\/en\/wp-json\/wp\/v2\/media\/2096"}],"wp:attachment":[{"href":"https:\/\/laconserviera.it\/en\/wp-json\/wp\/v2\/media?parent=2325"}],"wp:term":[{"taxonomy":"product_brand","embeddable":true,"href":"https:\/\/laconserviera.it\/en\/wp-json\/wp\/v2\/product_brand?post=2325"},{"taxonomy":"product_cat","embeddable":true,"href":"https:\/\/laconserviera.it\/en\/wp-json\/wp\/v2\/product_cat?post=2325"},{"taxonomy":"product_tag","embeddable":true,"href":"https:\/\/laconserviera.it\/en\/wp-json\/wp\/v2\/product_tag?post=2325"}],"curies":[{"name":"wp","href":"https:\/\/api.w.org\/{rel}","templated":true}]}}