{"id":2161,"date":"2025-12-01T14:36:19","date_gmt":"2025-12-01T13:36:19","guid":{"rendered":"http:\/\/laconserviera.it\/?post_type=product&#038;p=2161"},"modified":"2025-12-01T14:36:22","modified_gmt":"2025-12-01T13:36:22","slug":"fagioli-dolico-500-g","status":"publish","type":"product","link":"https:\/\/laconserviera.it\/en\/product\/fagioli-dolico-500-g\/","title":{"rendered":"Fagioli Dolico &#8211; 500 g"},"content":{"rendered":"<p>Il cos\u00ec detto \u201cfagiolo all\u2019occhio&#8221; o Dolico, \u00e8 originario delle regioni tropicali dell\u2019Asia e dell\u2019Africa. \u00c8 molto piccolo, di colore grigio e ha una macchiolina nera che lo contraddistingue. Il sapore \u00e8 si intenso ma diverso da tutti gli altri. La sua cottura \u00e8 piuttosto rapida.<\/p>","protected":false},"excerpt":{"rendered":"<p>Il cos\u00ec detto \u201cfagiolo all\u2019occhio&#8221; o Dolico, \u00e8 originario delle regioni tropicali dell\u2019Asia e dell\u2019Africa. \u00c8 molto piccolo, di colore [&hellip;]<\/p>","protected":false},"featured_media":1782,"comment_status":"closed","ping_status":"closed","template":"","meta":[],"product_brand":[],"product_cat":[32,26],"product_tag":[],"class_list":{"0":"post-2161","1":"product","2":"type-product","3":"status-publish","4":"has-post-thumbnail","6":"product_cat-confezione-da-500g","7":"product_cat-legumi-e-cereali","9":"first","10":"instock","11":"taxable","12":"shipping-taxable","13":"purchasable","14":"product-type-simple"},"_links":{"self":[{"href":"https:\/\/laconserviera.it\/en\/wp-json\/wp\/v2\/product\/2161","targetHints":{"allow":["GET"]}}],"collection":[{"href":"https:\/\/laconserviera.it\/en\/wp-json\/wp\/v2\/product"}],"about":[{"href":"https:\/\/laconserviera.it\/en\/wp-json\/wp\/v2\/types\/product"}],"replies":[{"embeddable":true,"href":"https:\/\/laconserviera.it\/en\/wp-json\/wp\/v2\/comments?post=2161"}],"wp:featuredmedia":[{"embeddable":true,"href":"https:\/\/laconserviera.it\/en\/wp-json\/wp\/v2\/media\/1782"}],"wp:attachment":[{"href":"https:\/\/laconserviera.it\/en\/wp-json\/wp\/v2\/media?parent=2161"}],"wp:term":[{"taxonomy":"product_brand","embeddable":true,"href":"https:\/\/laconserviera.it\/en\/wp-json\/wp\/v2\/product_brand?post=2161"},{"taxonomy":"product_cat","embeddable":true,"href":"https:\/\/laconserviera.it\/en\/wp-json\/wp\/v2\/product_cat?post=2161"},{"taxonomy":"product_tag","embeddable":true,"href":"https:\/\/laconserviera.it\/en\/wp-json\/wp\/v2\/product_tag?post=2161"}],"curies":[{"name":"wp","href":"https:\/\/api.w.org\/{rel}","templated":true}]}}