{"id":2259,"date":"2025-12-01T14:36:35","date_gmt":"2025-12-01T13:36:35","guid":{"rendered":"http:\/\/laconserviera.it\/?post_type=product&#038;p=2259"},"modified":"2025-12-01T14:36:37","modified_gmt":"2025-12-01T13:36:37","slug":"olive-cerignola-35-kg","status":"publish","type":"product","link":"https:\/\/laconserviera.it\/de\/produkt\/olive-cerignola-35-kg\/","title":{"rendered":"Olive Cerignola &#8211; 3,5 kg"},"content":{"rendered":"<p>Questa tipica oliva da tavola \u00e8 conosciuta e apprezzata per la sua enorme pezzatura. Una sola oliva pu\u00f2 pesare 16 grammi circa. \u00c8\u00a0un frutto decisamente carnoso grazie alla sua polpa consistente, pi\u00f9 dura delle altre olive. Viene coltivata nella zona di Cerignola al nord della puglia, dalla quale prende anche il nome.<\/p>","protected":false},"excerpt":{"rendered":"<p>Questa tipica oliva da tavola \u00e8 conosciuta e apprezzata per la sua enorme pezzatura. Una sola oliva pu\u00f2 pesare 16 [&hellip;]<\/p>","protected":false},"featured_media":1986,"comment_status":"closed","ping_status":"closed","template":"","meta":[],"product_brand":[],"product_cat":[33,27],"product_tag":[],"class_list":{"0":"post-2259","1":"product","2":"type-product","3":"status-publish","4":"has-post-thumbnail","6":"product_cat-olive","7":"product_cat-altri-prodotti","9":"first","10":"instock","11":"taxable","12":"shipping-taxable","13":"purchasable","14":"product-type-simple"},"_links":{"self":[{"href":"https:\/\/laconserviera.it\/de\/wp-json\/wp\/v2\/product\/2259","targetHints":{"allow":["GET"]}}],"collection":[{"href":"https:\/\/laconserviera.it\/de\/wp-json\/wp\/v2\/product"}],"about":[{"href":"https:\/\/laconserviera.it\/de\/wp-json\/wp\/v2\/types\/product"}],"replies":[{"embeddable":true,"href":"https:\/\/laconserviera.it\/de\/wp-json\/wp\/v2\/comments?post=2259"}],"wp:featuredmedia":[{"embeddable":true,"href":"https:\/\/laconserviera.it\/de\/wp-json\/wp\/v2\/media\/1986"}],"wp:attachment":[{"href":"https:\/\/laconserviera.it\/de\/wp-json\/wp\/v2\/media?parent=2259"}],"wp:term":[{"taxonomy":"product_brand","embeddable":true,"href":"https:\/\/laconserviera.it\/de\/wp-json\/wp\/v2\/product_brand?post=2259"},{"taxonomy":"product_cat","embeddable":true,"href":"https:\/\/laconserviera.it\/de\/wp-json\/wp\/v2\/product_cat?post=2259"},{"taxonomy":"product_tag","embeddable":true,"href":"https:\/\/laconserviera.it\/de\/wp-json\/wp\/v2\/product_tag?post=2259"}],"curies":[{"name":"wp","href":"https:\/\/api.w.org\/{rel}","templated":true}]}}