{"id":2159,"date":"2025-12-01T14:36:19","date_gmt":"2025-12-01T13:36:19","guid":{"rendered":"http:\/\/laconserviera.it\/?post_type=product&#038;p=2159"},"modified":"2025-12-01T14:36:22","modified_gmt":"2025-12-01T13:36:22","slug":"fagioli-corona-500-g","status":"publish","type":"product","link":"https:\/\/laconserviera.it\/de\/produkt\/fagioli-corona-500-g\/","title":{"rendered":"Fagioli Corona &#8211; 500 g"},"content":{"rendered":"<p>Il fagiolo \u201cCorona Gigante\u201d \u00e8 un legume di grandi dimensioni ed \u00e8 considerato uno fra i fagioli pi\u00f9 pregiati. \u00c8 il fratello nobile del Bianco di Spagna, dal quale si distingue per il calibro e per il sapore inconfondibile e il colore tendenzialmente pi\u00f9 giallo con lievi striature.<\/p>","protected":false},"excerpt":{"rendered":"<p>Il fagiolo \u201cCorona Gigante\u201d \u00e8 un legume di grandi dimensioni ed \u00e8 considerato uno fra i fagioli pi\u00f9 pregiati. \u00c8 [&hellip;]<\/p>","protected":false},"featured_media":1780,"comment_status":"closed","ping_status":"closed","template":"","meta":[],"product_brand":[],"product_cat":[32,26],"product_tag":[],"class_list":{"0":"post-2159","1":"product","2":"type-product","3":"status-publish","4":"has-post-thumbnail","6":"product_cat-confezione-da-500g","7":"product_cat-legumi-e-cereali","9":"first","10":"instock","11":"taxable","12":"shipping-taxable","13":"purchasable","14":"product-type-simple"},"_links":{"self":[{"href":"https:\/\/laconserviera.it\/de\/wp-json\/wp\/v2\/product\/2159","targetHints":{"allow":["GET"]}}],"collection":[{"href":"https:\/\/laconserviera.it\/de\/wp-json\/wp\/v2\/product"}],"about":[{"href":"https:\/\/laconserviera.it\/de\/wp-json\/wp\/v2\/types\/product"}],"replies":[{"embeddable":true,"href":"https:\/\/laconserviera.it\/de\/wp-json\/wp\/v2\/comments?post=2159"}],"wp:featuredmedia":[{"embeddable":true,"href":"https:\/\/laconserviera.it\/de\/wp-json\/wp\/v2\/media\/1780"}],"wp:attachment":[{"href":"https:\/\/laconserviera.it\/de\/wp-json\/wp\/v2\/media?parent=2159"}],"wp:term":[{"taxonomy":"product_brand","embeddable":true,"href":"https:\/\/laconserviera.it\/de\/wp-json\/wp\/v2\/product_brand?post=2159"},{"taxonomy":"product_cat","embeddable":true,"href":"https:\/\/laconserviera.it\/de\/wp-json\/wp\/v2\/product_cat?post=2159"},{"taxonomy":"product_tag","embeddable":true,"href":"https:\/\/laconserviera.it\/de\/wp-json\/wp\/v2\/product_tag?post=2159"}],"curies":[{"name":"wp","href":"https:\/\/api.w.org\/{rel}","templated":true}]}}