{"id":2152,"date":"2025-12-01T14:36:19","date_gmt":"2025-12-01T13:36:19","guid":{"rendered":"http:\/\/laconserviera.it\/?post_type=product&#038;p=2152"},"modified":"2025-12-01T14:36:21","modified_gmt":"2025-12-01T13:36:21","slug":"fagioli-borlotti-500-g","status":"publish","type":"product","link":"https:\/\/laconserviera.it\/de\/produkt\/fagioli-borlotti-500-g\/","title":{"rendered":"Fagioli borlotti &#8211; 500 g"},"content":{"rendered":"<p>\u00c8 il fagiolo forse pi\u00f9 conosciuto e anche il pi\u00f9 usato in cucina per la sua polpa tenera e il suo basso prezzo. Le pi\u00f9 grandi coltivazioni si trovano all&#8217;estero, pi\u00f9 precisamente in Canada, Cina e Argentina. Da un punto di vista nutrizionale sono particolarmente diuretici, ricchissimi di fibra insolubile e solubile, tra cui due fibre probiotiche, inulina e pectina. Sono presenti in misura elevata sali minerali come calcio, fosforo, ferro, zinco, e le vitamine B1, B2, B3.<\/p>","protected":false},"excerpt":{"rendered":"<p>\u00c8 il fagiolo forse pi\u00f9 conosciuto e anche il pi\u00f9 usato in cucina per la sua polpa tenera e il [&hellip;]<\/p>","protected":false},"featured_media":1773,"comment_status":"closed","ping_status":"closed","template":"","meta":[],"product_brand":[],"product_cat":[32,26],"product_tag":[],"class_list":{"0":"post-2152","1":"product","2":"type-product","3":"status-publish","4":"has-post-thumbnail","6":"product_cat-confezione-da-500g","7":"product_cat-legumi-e-cereali","9":"first","10":"instock","11":"taxable","12":"shipping-taxable","13":"purchasable","14":"product-type-simple"},"_links":{"self":[{"href":"https:\/\/laconserviera.it\/de\/wp-json\/wp\/v2\/product\/2152","targetHints":{"allow":["GET"]}}],"collection":[{"href":"https:\/\/laconserviera.it\/de\/wp-json\/wp\/v2\/product"}],"about":[{"href":"https:\/\/laconserviera.it\/de\/wp-json\/wp\/v2\/types\/product"}],"replies":[{"embeddable":true,"href":"https:\/\/laconserviera.it\/de\/wp-json\/wp\/v2\/comments?post=2152"}],"wp:featuredmedia":[{"embeddable":true,"href":"https:\/\/laconserviera.it\/de\/wp-json\/wp\/v2\/media\/1773"}],"wp:attachment":[{"href":"https:\/\/laconserviera.it\/de\/wp-json\/wp\/v2\/media?parent=2152"}],"wp:term":[{"taxonomy":"product_brand","embeddable":true,"href":"https:\/\/laconserviera.it\/de\/wp-json\/wp\/v2\/product_brand?post=2152"},{"taxonomy":"product_cat","embeddable":true,"href":"https:\/\/laconserviera.it\/de\/wp-json\/wp\/v2\/product_cat?post=2152"},{"taxonomy":"product_tag","embeddable":true,"href":"https:\/\/laconserviera.it\/de\/wp-json\/wp\/v2\/product_tag?post=2152"}],"curies":[{"name":"wp","href":"https:\/\/api.w.org\/{rel}","templated":true}]}}