{"id":2137,"date":"2025-12-01T14:36:18","date_gmt":"2025-12-01T13:36:18","guid":{"rendered":"http:\/\/laconserviera.it\/?post_type=product&#038;p=2137"},"modified":"2026-03-20T09:24:37","modified_gmt":"2026-03-20T08:24:37","slug":"ceci-secchi-500-g","status":"publish","type":"product","link":"https:\/\/laconserviera.it\/de\/produkt\/ceci-secchi-500-g\/","title":{"rendered":"Ceci secchi &#8211; 500 g"},"content":{"rendered":"<p>Questi legumi una volta venivano coltivati in Italia meridionale dove se ne faceva largo uso. Oggi il prodotto migliore arriva dal Messico, mentre quello nazionale \u00e8 quasi totalmente sparito. Hanno un buon contenuto proteico e calorico, e rispetto agli altri legumi sono un po&#8217; pi\u00f9 ricchi di grassi. Si pu\u00f2 trovare anche la farina di ceci che \u00e8 un&#8217;ottima alternativa alla farina di frumento. Pu\u00f2 essere utilizzata mescolata con farina di grano per la preparazione di pasta o gnocchi ed \u00e8 usata soprattutto in Liguria in alcuni piatti tipici come la farinata.<\/p>","protected":false},"excerpt":{"rendered":"<p>Questi legumi una volta venivano coltivati in Italia meridionale dove se ne faceva largo uso. Oggi il prodotto migliore arriva [&hellip;]<\/p>","protected":false},"featured_media":1758,"comment_status":"closed","ping_status":"closed","template":"","meta":[],"product_brand":[],"product_cat":[32,26],"product_tag":[],"class_list":{"0":"post-2137","1":"product","2":"type-product","3":"status-publish","4":"has-post-thumbnail","6":"product_cat-confezione-da-500g","7":"product_cat-legumi-e-cereali","9":"first","10":"instock","11":"taxable","12":"shipping-taxable","13":"purchasable","14":"product-type-simple"},"_links":{"self":[{"href":"https:\/\/laconserviera.it\/de\/wp-json\/wp\/v2\/product\/2137","targetHints":{"allow":["GET"]}}],"collection":[{"href":"https:\/\/laconserviera.it\/de\/wp-json\/wp\/v2\/product"}],"about":[{"href":"https:\/\/laconserviera.it\/de\/wp-json\/wp\/v2\/types\/product"}],"replies":[{"embeddable":true,"href":"https:\/\/laconserviera.it\/de\/wp-json\/wp\/v2\/comments?post=2137"}],"wp:featuredmedia":[{"embeddable":true,"href":"https:\/\/laconserviera.it\/de\/wp-json\/wp\/v2\/media\/1758"}],"wp:attachment":[{"href":"https:\/\/laconserviera.it\/de\/wp-json\/wp\/v2\/media?parent=2137"}],"wp:term":[{"taxonomy":"product_brand","embeddable":true,"href":"https:\/\/laconserviera.it\/de\/wp-json\/wp\/v2\/product_brand?post=2137"},{"taxonomy":"product_cat","embeddable":true,"href":"https:\/\/laconserviera.it\/de\/wp-json\/wp\/v2\/product_cat?post=2137"},{"taxonomy":"product_tag","embeddable":true,"href":"https:\/\/laconserviera.it\/de\/wp-json\/wp\/v2\/product_tag?post=2137"}],"curies":[{"name":"wp","href":"https:\/\/api.w.org\/{rel}","templated":true}]}}